{"id":5903,"date":"2025-11-13T18:26:23","date_gmt":"2025-11-13T18:26:23","guid":{"rendered":"https:\/\/conexperti.com.mx\/tienda\/?post_type=product&#038;p=5903"},"modified":"2025-11-13T18:58:44","modified_gmt":"2025-11-13T18:58:44","slug":"sonicwall-tz-370","status":"publish","type":"product","link":"https:\/\/conexperti.com.mx\/tienda\/shop\/sonicwall-tz-370\/","title":{"rendered":"02-SSC-2825 &#8211; SONICWALL TZ 370"},"content":{"rendered":"","protected":false},"excerpt":{"rendered":"<p align=\"justify\">El <b>SonicWall TZ 370<\/b> eleva el est\u00e1ndar para las peque\u00f1as y medianas empresas (PyMEs) que experimentan un crecimiento en su tr\u00e1fico de red y n\u00famero de dispositivos. Ofrece un rendimiento significativamente mayor que el TZ 270 y la opci\u00f3n de alimentaci\u00f3n redundante para mayor fiabilidad. Es la elecci\u00f3n perfecta para negocios que necesitan soportar m\u00e1s conexiones simult\u00e1neas, una inspecci\u00f3n de amenazas m\u00e1s r\u00e1pida y una base s\u00f3lida para expandir sus operaciones de forma segura, incluyendo la implementaci\u00f3n de redes SD-WAN. Es ideal para PyMEs, sucursales en crecimiento y organizaciones con mayor dependencia de aplicaciones en la nube. Con un rendimiento clave de hasta 3.0 Gbps de firewall y 1.0 Gbps de prevenci\u00f3n de amenazas.<\/p>\n<p><b>Esta compra incluye:<\/b><\/p>\n<ul>\n<li>Firewall TZ 370<\/li>\n<li>Instalacion y Configuracion Tecnica Incluida<\/li>\n<\/ul>\n<p><b>Precios en Dolar Americano (USD)<\/b><\/p>\n<p><a style=\"text-decoration: underline;\" href=\"https:\/\/www.sonicwall.com\/es-mx\/resources\/datasheet\/datasheet-sonicwall-tz-series-gen-7\" target=\"_blank\" rel=\"noopener\">Ver Ficha Tecnica<\/a><\/p>\n","protected":false},"featured_media":5651,"comment_status":"open","ping_status":"closed","template":"","meta":[],"product_cat":[104],"product_tag":[],"class_list":{"0":"post-5903","1":"product","2":"type-product","3":"status-publish","4":"has-post-thumbnail","6":"product_cat-firewall-sonicwall","8":"first","9":"instock","10":"sale","11":"featured","12":"shipping-taxable","13":"purchasable","14":"product-type-simple"},"yoast_head":"<!-- This site is optimized with the Yoast SEO plugin v26.2 - https:\/\/yoast.com\/wordpress\/plugins\/seo\/ -->\n<title>02-SSC-2825 - SONICWALL TZ 370 - ConexperTI<\/title>\n<meta name=\"robots\" content=\"index, follow, max-snippet:-1, max-image-preview:large, max-video-preview:-1\" \/>\n<link rel=\"canonical\" href=\"https:\/\/conexperti.com.mx\/tienda\/shop\/sonicwall-tz-370\/\" \/>\n<meta property=\"og:locale\" content=\"es_ES\" \/>\n<meta property=\"og:type\" content=\"article\" \/>\n<meta property=\"og:title\" content=\"02-SSC-2825 - SONICWALL TZ 370 - ConexperTI\" \/>\n<meta property=\"og:description\" content=\"El SonicWall TZ 370 eleva el est\u00e1ndar para las peque\u00f1as y medianas empresas (PyMEs) que experimentan un crecimiento en su tr\u00e1fico de red y n\u00famero de dispositivos. Ofrece un rendimiento significativamente mayor que el TZ 270 y la opci\u00f3n de alimentaci\u00f3n redundante para mayor fiabilidad. Es la elecci\u00f3n perfecta para negocios que necesitan soportar m\u00e1s conexiones simult\u00e1neas, una inspecci\u00f3n de amenazas m\u00e1s r\u00e1pida y una base s\u00f3lida para expandir sus operaciones de forma segura, incluyendo la implementaci\u00f3n de redes SD-WAN. Es ideal para PyMEs, sucursales en crecimiento y organizaciones con mayor dependencia de aplicaciones en la nube. Con un rendimiento clave de hasta 3.0 Gbps de firewall y 1.0 Gbps de prevenci\u00f3n de amenazas. Esta compra incluye:   Firewall TZ 370  Instalacion y Configuracion Tecnica Incluida  Precios en Dolar Americano (USD)  Ver Ficha Tecnica\" \/>\n<meta property=\"og:url\" content=\"https:\/\/conexperti.com.mx\/tienda\/shop\/sonicwall-tz-370\/\" \/>\n<meta property=\"og:site_name\" content=\"ConexperTI\" \/>\n<meta property=\"article:modified_time\" content=\"2025-11-13T18:58:44+00:00\" \/>\n<meta property=\"og:image\" content=\"https:\/\/conexperti.com.mx\/tienda\/wp-content\/uploads\/2025\/10\/Sonicwall_TZ_370.jpg\" \/>\n\t<meta property=\"og:image:width\" content=\"1000\" \/>\n\t<meta property=\"og:image:height\" content=\"1000\" \/>\n\t<meta property=\"og:image:type\" content=\"image\/jpeg\" \/>\n<meta name=\"twitter:card\" content=\"summary_large_image\" \/>\n<meta name=\"twitter:label1\" content=\"Tiempo de lectura\" \/>\n\t<meta name=\"twitter:data1\" content=\"1 minuto\" \/>\n<script type=\"application\/ld+json\" class=\"yoast-schema-graph\">{\"@context\":\"https:\/\/schema.org\",\"@graph\":[{\"@type\":\"WebPage\",\"@id\":\"https:\/\/conexperti.com.mx\/tienda\/shop\/sonicwall-tz-370\/\",\"url\":\"https:\/\/conexperti.com.mx\/tienda\/shop\/sonicwall-tz-370\/\",\"name\":\"02-SSC-2825 - SONICWALL TZ 370 - ConexperTI\",\"isPartOf\":{\"@id\":\"https:\/\/conexperti.com.mx\/tienda\/#website\"},\"primaryImageOfPage\":{\"@id\":\"https:\/\/conexperti.com.mx\/tienda\/shop\/sonicwall-tz-370\/#primaryimage\"},\"image\":{\"@id\":\"https:\/\/conexperti.com.mx\/tienda\/shop\/sonicwall-tz-370\/#primaryimage\"},\"thumbnailUrl\":\"https:\/\/conexperti.com.mx\/tienda\/wp-content\/uploads\/2025\/10\/Sonicwall_TZ_370.jpg\",\"datePublished\":\"2025-11-13T18:26:23+00:00\",\"dateModified\":\"2025-11-13T18:58:44+00:00\",\"breadcrumb\":{\"@id\":\"https:\/\/conexperti.com.mx\/tienda\/shop\/sonicwall-tz-370\/#breadcrumb\"},\"inLanguage\":\"es\",\"potentialAction\":[{\"@type\":\"ReadAction\",\"target\":[\"https:\/\/conexperti.com.mx\/tienda\/shop\/sonicwall-tz-370\/\"]}]},{\"@type\":\"ImageObject\",\"inLanguage\":\"es\",\"@id\":\"https:\/\/conexperti.com.mx\/tienda\/shop\/sonicwall-tz-370\/#primaryimage\",\"url\":\"https:\/\/conexperti.com.mx\/tienda\/wp-content\/uploads\/2025\/10\/Sonicwall_TZ_370.jpg\",\"contentUrl\":\"https:\/\/conexperti.com.mx\/tienda\/wp-content\/uploads\/2025\/10\/Sonicwall_TZ_370.jpg\",\"width\":1000,\"height\":1000},{\"@type\":\"BreadcrumbList\",\"@id\":\"https:\/\/conexperti.com.mx\/tienda\/shop\/sonicwall-tz-370\/#breadcrumb\",\"itemListElement\":[{\"@type\":\"ListItem\",\"position\":1,\"name\":\"Portada\",\"item\":\"https:\/\/conexperti.com.mx\/tienda\/\"},{\"@type\":\"ListItem\",\"position\":2,\"name\":\"Tienda\",\"item\":\"https:\/\/conexperti.com.mx\/tienda\/shop\/\"},{\"@type\":\"ListItem\",\"position\":3,\"name\":\"02-SSC-2825 &#8211; SONICWALL TZ 370\"}]},{\"@type\":\"WebSite\",\"@id\":\"https:\/\/conexperti.com.mx\/tienda\/#website\",\"url\":\"https:\/\/conexperti.com.mx\/tienda\/\",\"name\":\"ConexperTI\",\"description\":\"\",\"potentialAction\":[{\"@type\":\"SearchAction\",\"target\":{\"@type\":\"EntryPoint\",\"urlTemplate\":\"https:\/\/conexperti.com.mx\/tienda\/?s={search_term_string}\"},\"query-input\":{\"@type\":\"PropertyValueSpecification\",\"valueRequired\":true,\"valueName\":\"search_term_string\"}}],\"inLanguage\":\"es\"}]}<\/script>\n<!-- \/ Yoast SEO plugin. -->","yoast_head_json":{"title":"02-SSC-2825 - SONICWALL TZ 370 - ConexperTI","robots":{"index":"index","follow":"follow","max-snippet":"max-snippet:-1","max-image-preview":"max-image-preview:large","max-video-preview":"max-video-preview:-1"},"canonical":"https:\/\/conexperti.com.mx\/tienda\/shop\/sonicwall-tz-370\/","og_locale":"es_ES","og_type":"article","og_title":"02-SSC-2825 - SONICWALL TZ 370 - ConexperTI","og_description":"El SonicWall TZ 370 eleva el est\u00e1ndar para las peque\u00f1as y medianas empresas (PyMEs) que experimentan un crecimiento en su tr\u00e1fico de red y n\u00famero de dispositivos. Ofrece un rendimiento significativamente mayor que el TZ 270 y la opci\u00f3n de alimentaci\u00f3n redundante para mayor fiabilidad. Es la elecci\u00f3n perfecta para negocios que necesitan soportar m\u00e1s conexiones simult\u00e1neas, una inspecci\u00f3n de amenazas m\u00e1s r\u00e1pida y una base s\u00f3lida para expandir sus operaciones de forma segura, incluyendo la implementaci\u00f3n de redes SD-WAN. Es ideal para PyMEs, sucursales en crecimiento y organizaciones con mayor dependencia de aplicaciones en la nube. Con un rendimiento clave de hasta 3.0 Gbps de firewall y 1.0 Gbps de prevenci\u00f3n de amenazas. Esta compra incluye:   Firewall TZ 370  Instalacion y Configuracion Tecnica Incluida  Precios en Dolar Americano (USD)  Ver Ficha Tecnica","og_url":"https:\/\/conexperti.com.mx\/tienda\/shop\/sonicwall-tz-370\/","og_site_name":"ConexperTI","article_modified_time":"2025-11-13T18:58:44+00:00","og_image":[{"width":1000,"height":1000,"url":"https:\/\/conexperti.com.mx\/tienda\/wp-content\/uploads\/2025\/10\/Sonicwall_TZ_370.jpg","type":"image\/jpeg"}],"twitter_card":"summary_large_image","twitter_misc":{"Tiempo de lectura":"1 minuto"},"schema":{"@context":"https:\/\/schema.org","@graph":[{"@type":"WebPage","@id":"https:\/\/conexperti.com.mx\/tienda\/shop\/sonicwall-tz-370\/","url":"https:\/\/conexperti.com.mx\/tienda\/shop\/sonicwall-tz-370\/","name":"02-SSC-2825 - SONICWALL TZ 370 - ConexperTI","isPartOf":{"@id":"https:\/\/conexperti.com.mx\/tienda\/#website"},"primaryImageOfPage":{"@id":"https:\/\/conexperti.com.mx\/tienda\/shop\/sonicwall-tz-370\/#primaryimage"},"image":{"@id":"https:\/\/conexperti.com.mx\/tienda\/shop\/sonicwall-tz-370\/#primaryimage"},"thumbnailUrl":"https:\/\/conexperti.com.mx\/tienda\/wp-content\/uploads\/2025\/10\/Sonicwall_TZ_370.jpg","datePublished":"2025-11-13T18:26:23+00:00","dateModified":"2025-11-13T18:58:44+00:00","breadcrumb":{"@id":"https:\/\/conexperti.com.mx\/tienda\/shop\/sonicwall-tz-370\/#breadcrumb"},"inLanguage":"es","potentialAction":[{"@type":"ReadAction","target":["https:\/\/conexperti.com.mx\/tienda\/shop\/sonicwall-tz-370\/"]}]},{"@type":"ImageObject","inLanguage":"es","@id":"https:\/\/conexperti.com.mx\/tienda\/shop\/sonicwall-tz-370\/#primaryimage","url":"https:\/\/conexperti.com.mx\/tienda\/wp-content\/uploads\/2025\/10\/Sonicwall_TZ_370.jpg","contentUrl":"https:\/\/conexperti.com.mx\/tienda\/wp-content\/uploads\/2025\/10\/Sonicwall_TZ_370.jpg","width":1000,"height":1000},{"@type":"BreadcrumbList","@id":"https:\/\/conexperti.com.mx\/tienda\/shop\/sonicwall-tz-370\/#breadcrumb","itemListElement":[{"@type":"ListItem","position":1,"name":"Portada","item":"https:\/\/conexperti.com.mx\/tienda\/"},{"@type":"ListItem","position":2,"name":"Tienda","item":"https:\/\/conexperti.com.mx\/tienda\/shop\/"},{"@type":"ListItem","position":3,"name":"02-SSC-2825 &#8211; SONICWALL TZ 370"}]},{"@type":"WebSite","@id":"https:\/\/conexperti.com.mx\/tienda\/#website","url":"https:\/\/conexperti.com.mx\/tienda\/","name":"ConexperTI","description":"","potentialAction":[{"@type":"SearchAction","target":{"@type":"EntryPoint","urlTemplate":"https:\/\/conexperti.com.mx\/tienda\/?s={search_term_string}"},"query-input":{"@type":"PropertyValueSpecification","valueRequired":true,"valueName":"search_term_string"}}],"inLanguage":"es"}]}},"_links":{"self":[{"href":"https:\/\/conexperti.com.mx\/tienda\/wp-json\/wp\/v2\/product\/5903","targetHints":{"allow":["GET"]}}],"collection":[{"href":"https:\/\/conexperti.com.mx\/tienda\/wp-json\/wp\/v2\/product"}],"about":[{"href":"https:\/\/conexperti.com.mx\/tienda\/wp-json\/wp\/v2\/types\/product"}],"replies":[{"embeddable":true,"href":"https:\/\/conexperti.com.mx\/tienda\/wp-json\/wp\/v2\/comments?post=5903"}],"version-history":[{"count":2,"href":"https:\/\/conexperti.com.mx\/tienda\/wp-json\/wp\/v2\/product\/5903\/revisions"}],"predecessor-version":[{"id":5923,"href":"https:\/\/conexperti.com.mx\/tienda\/wp-json\/wp\/v2\/product\/5903\/revisions\/5923"}],"wp:featuredmedia":[{"embeddable":true,"href":"https:\/\/conexperti.com.mx\/tienda\/wp-json\/wp\/v2\/media\/5651"}],"wp:attachment":[{"href":"https:\/\/conexperti.com.mx\/tienda\/wp-json\/wp\/v2\/media?parent=5903"}],"wp:term":[{"taxonomy":"product_cat","embeddable":true,"href":"https:\/\/conexperti.com.mx\/tienda\/wp-json\/wp\/v2\/product_cat?post=5903"},{"taxonomy":"product_tag","embeddable":true,"href":"https:\/\/conexperti.com.mx\/tienda\/wp-json\/wp\/v2\/product_tag?post=5903"}],"curies":[{"name":"wp","href":"https:\/\/api.w.org\/{rel}","templated":true}]}}