{"id":5898,"date":"2025-11-13T17:52:07","date_gmt":"2025-11-13T17:52:07","guid":{"rendered":"https:\/\/conexperti.com.mx\/tienda\/?post_type=product&#038;p=5898"},"modified":"2025-11-13T18:06:24","modified_gmt":"2025-11-13T18:06:24","slug":"sonicwall-tz270-tradeup-con-3-anos-epss","status":"publish","type":"product","link":"https:\/\/conexperti.com.mx\/tienda\/shop\/sonicwall-tz270-tradeup-con-3-anos-epss\/","title":{"rendered":"03-SSC-1802 &#8211; SONICWALL TZ270 TOTALSECURE TRADEUP &#8211; ESSENTIAL EDITION 3 A\u00d1OS (SOLO PARA CLIENTES CON SOHO\/TZ300\/GEN 5 TZ SONICWALL)"},"content":{"rendered":"","protected":false},"excerpt":{"rendered":"<p align=\"justify\">El <b>SonicWall TZ 270<\/b> es el punto de partida perfecto para la seguridad de redes de nivel profesional. Dise\u00f1ado para oficinas peque\u00f1as, sucursales y trabajadores remotos, este firewall ofrece una defensa robusta contra malware, ransomware y otras ciberamenazas sin comprometer el rendimiento de tu red. Con su interfaz sencilla y la capacidad de gesti\u00f3n desde la nube, el TZ 270 hace que la seguridad avanzada sea accesible y f\u00e1cil de administrar para empresas que necesitan protecci\u00f3n fundamental y conectividad Gigabit confiable.<br \/>\nEs ideal para peque\u00f1as empresas, oficinas en casa (home office) y puntos de venta, con un rendimiento clave de hasta 2.0 Gbps de firewall y 750 Mbps de prevenci\u00f3n de amenazas.<\/p>\n<p><b>Esta compra incluye:<\/b><\/p>\n<ul>\n<li>Firewall TZ 270<\/li>\n<li>Licenciamiento TotalSecure Essential por 3 a\u00f1os.<\/li>\n<li>Servicios de Seguridad: Gateway Antivirus, Intrusion Prevention, App Control, Content Filtering, Geo-IP Filter, Capture ATP, Botnet Filter, DPI-SSL, SD-WAN, IP-Sec VPN, SSL VPN.<\/li>\n<li>Actualizaciones de Firmware.<\/li>\n<li>Garantia en el Hardware.<\/li>\n<li>Instalacion y Configuracion Tecnica Incluida<\/li>\n<\/ul>\n<p><strong>NOTA:\u00a0<\/strong><em>Aplica solo a clientes que ya cuenten con un SOHO, TZ 300 y\/o Firewalls de 5ta Generacion, si tienes dudas con esta compra, puedes llamar a <a href=\"tel:6677140045\">667-714-0045<\/a><\/em><\/p>\n<p><b>Precios en Dolar Americano (USD)<\/b><\/p>\n<p><a style=\"text-decoration: underline;\" href=\"https:\/\/www.sonicwall.com\/es-mx\/resources\/datasheet\/datasheet-sonicwall-tz-series-gen-7\" target=\"_blank\" rel=\"noopener\">Ver Ficha Tecnica<\/a><\/p>\n","protected":false},"featured_media":5650,"comment_status":"open","ping_status":"closed","template":"","meta":[],"product_cat":[104],"product_tag":[],"class_list":{"0":"post-5898","1":"product","2":"type-product","3":"status-publish","4":"has-post-thumbnail","6":"product_cat-firewall-sonicwall","8":"first","9":"instock","10":"sale","11":"featured","12":"shipping-taxable","13":"purchasable","14":"product-type-simple"},"yoast_head":"<!-- This site is optimized with the Yoast SEO plugin v26.2 - https:\/\/yoast.com\/wordpress\/plugins\/seo\/ -->\n<title>03-SSC-1802 - SONICWALL TZ270 TOTALSECURE TRADEUP - ESSENTIAL EDITION 3 A\u00d1OS (SOLO PARA CLIENTES CON SOHO\/TZ300\/GEN 5 TZ SONICWALL) - ConexperTI<\/title>\n<meta name=\"robots\" content=\"index, follow, max-snippet:-1, max-image-preview:large, max-video-preview:-1\" \/>\n<link rel=\"canonical\" href=\"https:\/\/conexperti.com.mx\/tienda\/shop\/sonicwall-tz270-tradeup-con-3-anos-epss\/\" \/>\n<meta property=\"og:locale\" content=\"es_ES\" \/>\n<meta property=\"og:type\" content=\"article\" \/>\n<meta property=\"og:title\" content=\"03-SSC-1802 - SONICWALL TZ270 TOTALSECURE TRADEUP - ESSENTIAL EDITION 3 A\u00d1OS (SOLO PARA CLIENTES CON SOHO\/TZ300\/GEN 5 TZ SONICWALL) - ConexperTI\" \/>\n<meta property=\"og:description\" content=\"El SonicWall TZ 270 es el punto de partida perfecto para la seguridad de redes de nivel profesional. Dise\u00f1ado para oficinas peque\u00f1as, sucursales y trabajadores remotos, este firewall ofrece una defensa robusta contra malware, ransomware y otras ciberamenazas sin comprometer el rendimiento de tu red. Con su interfaz sencilla y la capacidad de gesti\u00f3n desde la nube, el TZ 270 hace que la seguridad avanzada sea accesible y f\u00e1cil de administrar para empresas que necesitan protecci\u00f3n fundamental y conectividad Gigabit confiable. Es ideal para peque\u00f1as empresas, oficinas en casa (home office) y puntos de venta, con un rendimiento clave de hasta 2.0 Gbps de firewall y 750 Mbps de prevenci\u00f3n de amenazas. Esta compra incluye:   Firewall TZ 270  Licenciamiento TotalSecure Essential por 3 a\u00f1os.  Servicios de Seguridad: Gateway Antivirus, Intrusion Prevention, App Control, Content Filtering, Geo-IP Filter, Capture ATP, Botnet Filter, DPI-SSL, SD-WAN, IP-Sec VPN, SSL VPN.  Actualizaciones de Firmware.  Garantia en el Hardware.  Instalacion y Configuracion Tecnica Incluida  NOTA:\u00a0Aplica solo a clientes que ya cuenten con un SOHO, TZ 300 y\/o Firewalls de 5ta Generacion, si tienes dudas con esta compra, puedes llamar a 667-714-0045  Precios en Dolar Americano (USD)  Ver Ficha Tecnica\" \/>\n<meta property=\"og:url\" content=\"https:\/\/conexperti.com.mx\/tienda\/shop\/sonicwall-tz270-tradeup-con-3-anos-epss\/\" \/>\n<meta property=\"og:site_name\" content=\"ConexperTI\" \/>\n<meta property=\"article:modified_time\" content=\"2025-11-13T18:06:24+00:00\" \/>\n<meta property=\"og:image\" content=\"https:\/\/conexperti.com.mx\/tienda\/wp-content\/uploads\/2025\/10\/Sonicwall_TZ_270.jpg\" \/>\n\t<meta property=\"og:image:width\" content=\"1000\" \/>\n\t<meta property=\"og:image:height\" content=\"1000\" \/>\n\t<meta property=\"og:image:type\" content=\"image\/jpeg\" \/>\n<meta name=\"twitter:card\" content=\"summary_large_image\" \/>\n<meta name=\"twitter:label1\" content=\"Tiempo de lectura\" \/>\n\t<meta name=\"twitter:data1\" content=\"1 minuto\" \/>\n<script type=\"application\/ld+json\" class=\"yoast-schema-graph\">{\"@context\":\"https:\/\/schema.org\",\"@graph\":[{\"@type\":\"WebPage\",\"@id\":\"https:\/\/conexperti.com.mx\/tienda\/shop\/sonicwall-tz270-tradeup-con-3-anos-epss\/\",\"url\":\"https:\/\/conexperti.com.mx\/tienda\/shop\/sonicwall-tz270-tradeup-con-3-anos-epss\/\",\"name\":\"03-SSC-1802 - SONICWALL TZ270 TOTALSECURE TRADEUP - ESSENTIAL EDITION 3 A\u00d1OS (SOLO PARA CLIENTES CON SOHO\/TZ300\/GEN 5 TZ SONICWALL) - ConexperTI\",\"isPartOf\":{\"@id\":\"https:\/\/conexperti.com.mx\/tienda\/#website\"},\"primaryImageOfPage\":{\"@id\":\"https:\/\/conexperti.com.mx\/tienda\/shop\/sonicwall-tz270-tradeup-con-3-anos-epss\/#primaryimage\"},\"image\":{\"@id\":\"https:\/\/conexperti.com.mx\/tienda\/shop\/sonicwall-tz270-tradeup-con-3-anos-epss\/#primaryimage\"},\"thumbnailUrl\":\"https:\/\/conexperti.com.mx\/tienda\/wp-content\/uploads\/2025\/10\/Sonicwall_TZ_270.jpg\",\"datePublished\":\"2025-11-13T17:52:07+00:00\",\"dateModified\":\"2025-11-13T18:06:24+00:00\",\"breadcrumb\":{\"@id\":\"https:\/\/conexperti.com.mx\/tienda\/shop\/sonicwall-tz270-tradeup-con-3-anos-epss\/#breadcrumb\"},\"inLanguage\":\"es\",\"potentialAction\":[{\"@type\":\"ReadAction\",\"target\":[\"https:\/\/conexperti.com.mx\/tienda\/shop\/sonicwall-tz270-tradeup-con-3-anos-epss\/\"]}]},{\"@type\":\"ImageObject\",\"inLanguage\":\"es\",\"@id\":\"https:\/\/conexperti.com.mx\/tienda\/shop\/sonicwall-tz270-tradeup-con-3-anos-epss\/#primaryimage\",\"url\":\"https:\/\/conexperti.com.mx\/tienda\/wp-content\/uploads\/2025\/10\/Sonicwall_TZ_270.jpg\",\"contentUrl\":\"https:\/\/conexperti.com.mx\/tienda\/wp-content\/uploads\/2025\/10\/Sonicwall_TZ_270.jpg\",\"width\":1000,\"height\":1000},{\"@type\":\"BreadcrumbList\",\"@id\":\"https:\/\/conexperti.com.mx\/tienda\/shop\/sonicwall-tz270-tradeup-con-3-anos-epss\/#breadcrumb\",\"itemListElement\":[{\"@type\":\"ListItem\",\"position\":1,\"name\":\"Portada\",\"item\":\"https:\/\/conexperti.com.mx\/tienda\/\"},{\"@type\":\"ListItem\",\"position\":2,\"name\":\"Tienda\",\"item\":\"https:\/\/conexperti.com.mx\/tienda\/shop\/\"},{\"@type\":\"ListItem\",\"position\":3,\"name\":\"03-SSC-1802 &#8211; SONICWALL TZ270 TOTALSECURE TRADEUP &#8211; ESSENTIAL EDITION 3 A\u00d1OS (SOLO PARA CLIENTES CON SOHO\/TZ300\/GEN 5 TZ SONICWALL)\"}]},{\"@type\":\"WebSite\",\"@id\":\"https:\/\/conexperti.com.mx\/tienda\/#website\",\"url\":\"https:\/\/conexperti.com.mx\/tienda\/\",\"name\":\"ConexperTI\",\"description\":\"\",\"potentialAction\":[{\"@type\":\"SearchAction\",\"target\":{\"@type\":\"EntryPoint\",\"urlTemplate\":\"https:\/\/conexperti.com.mx\/tienda\/?s={search_term_string}\"},\"query-input\":{\"@type\":\"PropertyValueSpecification\",\"valueRequired\":true,\"valueName\":\"search_term_string\"}}],\"inLanguage\":\"es\"}]}<\/script>\n<!-- \/ Yoast SEO plugin. -->","yoast_head_json":{"title":"03-SSC-1802 - SONICWALL TZ270 TOTALSECURE TRADEUP - ESSENTIAL EDITION 3 A\u00d1OS (SOLO PARA CLIENTES CON SOHO\/TZ300\/GEN 5 TZ SONICWALL) - ConexperTI","robots":{"index":"index","follow":"follow","max-snippet":"max-snippet:-1","max-image-preview":"max-image-preview:large","max-video-preview":"max-video-preview:-1"},"canonical":"https:\/\/conexperti.com.mx\/tienda\/shop\/sonicwall-tz270-tradeup-con-3-anos-epss\/","og_locale":"es_ES","og_type":"article","og_title":"03-SSC-1802 - SONICWALL TZ270 TOTALSECURE TRADEUP - ESSENTIAL EDITION 3 A\u00d1OS (SOLO PARA CLIENTES CON SOHO\/TZ300\/GEN 5 TZ SONICWALL) - ConexperTI","og_description":"El SonicWall TZ 270 es el punto de partida perfecto para la seguridad de redes de nivel profesional. Dise\u00f1ado para oficinas peque\u00f1as, sucursales y trabajadores remotos, este firewall ofrece una defensa robusta contra malware, ransomware y otras ciberamenazas sin comprometer el rendimiento de tu red. Con su interfaz sencilla y la capacidad de gesti\u00f3n desde la nube, el TZ 270 hace que la seguridad avanzada sea accesible y f\u00e1cil de administrar para empresas que necesitan protecci\u00f3n fundamental y conectividad Gigabit confiable. Es ideal para peque\u00f1as empresas, oficinas en casa (home office) y puntos de venta, con un rendimiento clave de hasta 2.0 Gbps de firewall y 750 Mbps de prevenci\u00f3n de amenazas. Esta compra incluye:   Firewall TZ 270  Licenciamiento TotalSecure Essential por 3 a\u00f1os.  Servicios de Seguridad: Gateway Antivirus, Intrusion Prevention, App Control, Content Filtering, Geo-IP Filter, Capture ATP, Botnet Filter, DPI-SSL, SD-WAN, IP-Sec VPN, SSL VPN.  Actualizaciones de Firmware.  Garantia en el Hardware.  Instalacion y Configuracion Tecnica Incluida  NOTA:\u00a0Aplica solo a clientes que ya cuenten con un SOHO, TZ 300 y\/o Firewalls de 5ta Generacion, si tienes dudas con esta compra, puedes llamar a 667-714-0045  Precios en Dolar Americano (USD)  Ver Ficha Tecnica","og_url":"https:\/\/conexperti.com.mx\/tienda\/shop\/sonicwall-tz270-tradeup-con-3-anos-epss\/","og_site_name":"ConexperTI","article_modified_time":"2025-11-13T18:06:24+00:00","og_image":[{"width":1000,"height":1000,"url":"https:\/\/conexperti.com.mx\/tienda\/wp-content\/uploads\/2025\/10\/Sonicwall_TZ_270.jpg","type":"image\/jpeg"}],"twitter_card":"summary_large_image","twitter_misc":{"Tiempo de lectura":"1 minuto"},"schema":{"@context":"https:\/\/schema.org","@graph":[{"@type":"WebPage","@id":"https:\/\/conexperti.com.mx\/tienda\/shop\/sonicwall-tz270-tradeup-con-3-anos-epss\/","url":"https:\/\/conexperti.com.mx\/tienda\/shop\/sonicwall-tz270-tradeup-con-3-anos-epss\/","name":"03-SSC-1802 - SONICWALL TZ270 TOTALSECURE TRADEUP - ESSENTIAL EDITION 3 A\u00d1OS (SOLO PARA CLIENTES CON SOHO\/TZ300\/GEN 5 TZ SONICWALL) - ConexperTI","isPartOf":{"@id":"https:\/\/conexperti.com.mx\/tienda\/#website"},"primaryImageOfPage":{"@id":"https:\/\/conexperti.com.mx\/tienda\/shop\/sonicwall-tz270-tradeup-con-3-anos-epss\/#primaryimage"},"image":{"@id":"https:\/\/conexperti.com.mx\/tienda\/shop\/sonicwall-tz270-tradeup-con-3-anos-epss\/#primaryimage"},"thumbnailUrl":"https:\/\/conexperti.com.mx\/tienda\/wp-content\/uploads\/2025\/10\/Sonicwall_TZ_270.jpg","datePublished":"2025-11-13T17:52:07+00:00","dateModified":"2025-11-13T18:06:24+00:00","breadcrumb":{"@id":"https:\/\/conexperti.com.mx\/tienda\/shop\/sonicwall-tz270-tradeup-con-3-anos-epss\/#breadcrumb"},"inLanguage":"es","potentialAction":[{"@type":"ReadAction","target":["https:\/\/conexperti.com.mx\/tienda\/shop\/sonicwall-tz270-tradeup-con-3-anos-epss\/"]}]},{"@type":"ImageObject","inLanguage":"es","@id":"https:\/\/conexperti.com.mx\/tienda\/shop\/sonicwall-tz270-tradeup-con-3-anos-epss\/#primaryimage","url":"https:\/\/conexperti.com.mx\/tienda\/wp-content\/uploads\/2025\/10\/Sonicwall_TZ_270.jpg","contentUrl":"https:\/\/conexperti.com.mx\/tienda\/wp-content\/uploads\/2025\/10\/Sonicwall_TZ_270.jpg","width":1000,"height":1000},{"@type":"BreadcrumbList","@id":"https:\/\/conexperti.com.mx\/tienda\/shop\/sonicwall-tz270-tradeup-con-3-anos-epss\/#breadcrumb","itemListElement":[{"@type":"ListItem","position":1,"name":"Portada","item":"https:\/\/conexperti.com.mx\/tienda\/"},{"@type":"ListItem","position":2,"name":"Tienda","item":"https:\/\/conexperti.com.mx\/tienda\/shop\/"},{"@type":"ListItem","position":3,"name":"03-SSC-1802 &#8211; SONICWALL TZ270 TOTALSECURE TRADEUP &#8211; ESSENTIAL EDITION 3 A\u00d1OS (SOLO PARA CLIENTES CON SOHO\/TZ300\/GEN 5 TZ SONICWALL)"}]},{"@type":"WebSite","@id":"https:\/\/conexperti.com.mx\/tienda\/#website","url":"https:\/\/conexperti.com.mx\/tienda\/","name":"ConexperTI","description":"","potentialAction":[{"@type":"SearchAction","target":{"@type":"EntryPoint","urlTemplate":"https:\/\/conexperti.com.mx\/tienda\/?s={search_term_string}"},"query-input":{"@type":"PropertyValueSpecification","valueRequired":true,"valueName":"search_term_string"}}],"inLanguage":"es"}]}},"_links":{"self":[{"href":"https:\/\/conexperti.com.mx\/tienda\/wp-json\/wp\/v2\/product\/5898","targetHints":{"allow":["GET"]}}],"collection":[{"href":"https:\/\/conexperti.com.mx\/tienda\/wp-json\/wp\/v2\/product"}],"about":[{"href":"https:\/\/conexperti.com.mx\/tienda\/wp-json\/wp\/v2\/types\/product"}],"replies":[{"embeddable":true,"href":"https:\/\/conexperti.com.mx\/tienda\/wp-json\/wp\/v2\/comments?post=5898"}],"version-history":[{"count":1,"href":"https:\/\/conexperti.com.mx\/tienda\/wp-json\/wp\/v2\/product\/5898\/revisions"}],"predecessor-version":[{"id":5899,"href":"https:\/\/conexperti.com.mx\/tienda\/wp-json\/wp\/v2\/product\/5898\/revisions\/5899"}],"wp:featuredmedia":[{"embeddable":true,"href":"https:\/\/conexperti.com.mx\/tienda\/wp-json\/wp\/v2\/media\/5650"}],"wp:attachment":[{"href":"https:\/\/conexperti.com.mx\/tienda\/wp-json\/wp\/v2\/media?parent=5898"}],"wp:term":[{"taxonomy":"product_cat","embeddable":true,"href":"https:\/\/conexperti.com.mx\/tienda\/wp-json\/wp\/v2\/product_cat?post=5898"},{"taxonomy":"product_tag","embeddable":true,"href":"https:\/\/conexperti.com.mx\/tienda\/wp-json\/wp\/v2\/product_tag?post=5898"}],"curies":[{"name":"wp","href":"https:\/\/api.w.org\/{rel}","templated":true}]}}