{"id":5742,"date":"2025-10-23T17:37:25","date_gmt":"2025-10-23T17:37:25","guid":{"rendered":"https:\/\/conexperti.com.mx\/tienda\/?post_type=product&#038;p=5742"},"modified":"2025-10-28T02:02:52","modified_gmt":"2025-10-28T02:02:52","slug":"sonicwall-capture-client-premier","status":"publish","type":"product","link":"https:\/\/conexperti.com.mx\/tienda\/shop\/sonicwall-capture-client-premier\/","title":{"rendered":"SonicWall Capture Client Premier"},"content":{"rendered":"","protected":false},"excerpt":{"rendered":"<p align=\"justify\">Descubre la protecci\u00f3n total con SonicWall Capture Client Premier. Esta es la suite de seguridad de endpoint definitiva. Obtienes toda la potencia de \u00abAdvanced\u00bb\u2014IA contra ransomware y el crucial rollback de amenazas\u2014m\u00e1s un control sin precedentes.<\/p>\n<p>Premier a\u00f1ade filtrado de contenido web para bloquear sitios maliciosos y no productivos, y control de aplicaciones para detener software no autorizado. No solo proteges tus dispositivos contra ataques; ahora tambi\u00e9n gestionas la productividad del usuario y el cumplimiento de pol\u00edticas. Seguridad y gesti\u00f3n total en\u00a0un\u00a0solo\u00a0agente.<\/p>\n<p><b>Esta compra incluye:<\/b><\/p>\n<ul>\n<li>Antimalware de nueva generacion<\/li>\n<li>Capacitacion\u00a0en\u00a0el\u00a0uso<\/li>\n<\/ul>\n<p><b>Tiempo de entrega:<\/b> 1 semana\n<\/p>\n<p><em><strong><a href=\"https:\/\/www.sonicwall.com\/es-mx\/resources\/datasheet\/sonicwall-capture-client\" target=\"_blank\" rel=\"noopener\">Ver Ficha Tecnica<\/a><\/strong><\/em><\/p>\n","protected":false},"featured_media":5749,"comment_status":"open","ping_status":"closed","template":"","meta":[],"product_cat":[110],"product_tag":[],"class_list":{"0":"post-5742","1":"product","2":"type-product","3":"status-publish","4":"has-post-thumbnail","6":"product_cat-antivirus","8":"first","9":"instock","10":"sale","11":"shipping-taxable","12":"purchasable","13":"product-type-variable"},"yoast_head":"<!-- This site is optimized with the Yoast SEO plugin v26.2 - https:\/\/yoast.com\/wordpress\/plugins\/seo\/ -->\n<title>SonicWall Capture Client Premier - ConexperTI<\/title>\n<meta name=\"robots\" content=\"index, follow, max-snippet:-1, max-image-preview:large, max-video-preview:-1\" \/>\n<link rel=\"canonical\" href=\"https:\/\/conexperti.com.mx\/tienda\/shop\/sonicwall-capture-client-premier\/\" \/>\n<meta property=\"og:locale\" content=\"es_ES\" \/>\n<meta property=\"og:type\" content=\"article\" \/>\n<meta property=\"og:title\" content=\"SonicWall Capture Client Premier - ConexperTI\" \/>\n<meta property=\"og:description\" content=\"Descubre la protecci\u00f3n total con SonicWall Capture Client Premier. Esta es la suite de seguridad de endpoint definitiva. Obtienes toda la potencia de &quot;Advanced&quot;\u2014IA contra ransomware y el crucial rollback de amenazas\u2014m\u00e1s un control sin precedentes.  Premier a\u00f1ade filtrado de contenido web para bloquear sitios maliciosos y no productivos, y control de aplicaciones para detener software no autorizado. No solo proteges tus dispositivos contra ataques; ahora tambi\u00e9n gestionas la productividad del usuario y el cumplimiento de pol\u00edticas. Seguridad y gesti\u00f3n total en\u00a0un\u00a0solo\u00a0agente.  Esta compra incluye:      Antimalware de nueva generacion  Capacitacion\u00a0en\u00a0el\u00a0uso  Tiempo de entrega: 1 semana  Ver Ficha Tecnica\" \/>\n<meta property=\"og:url\" content=\"https:\/\/conexperti.com.mx\/tienda\/shop\/sonicwall-capture-client-premier\/\" \/>\n<meta property=\"og:site_name\" content=\"ConexperTI\" \/>\n<meta property=\"article:modified_time\" content=\"2025-10-28T02:02:52+00:00\" \/>\n<meta property=\"og:image\" content=\"https:\/\/conexperti.com.mx\/tienda\/wp-content\/uploads\/2025\/10\/Capture_Client_Premier.jpg\" \/>\n\t<meta property=\"og:image:width\" content=\"1000\" \/>\n\t<meta property=\"og:image:height\" content=\"1000\" \/>\n\t<meta property=\"og:image:type\" content=\"image\/jpeg\" \/>\n<meta name=\"twitter:card\" content=\"summary_large_image\" \/>\n<meta name=\"twitter:label1\" content=\"Tiempo de lectura\" \/>\n\t<meta name=\"twitter:data1\" content=\"1 minuto\" \/>\n<script type=\"application\/ld+json\" class=\"yoast-schema-graph\">{\"@context\":\"https:\/\/schema.org\",\"@graph\":[{\"@type\":\"WebPage\",\"@id\":\"https:\/\/conexperti.com.mx\/tienda\/shop\/sonicwall-capture-client-premier\/\",\"url\":\"https:\/\/conexperti.com.mx\/tienda\/shop\/sonicwall-capture-client-premier\/\",\"name\":\"SonicWall Capture Client Premier - ConexperTI\",\"isPartOf\":{\"@id\":\"https:\/\/conexperti.com.mx\/tienda\/#website\"},\"primaryImageOfPage\":{\"@id\":\"https:\/\/conexperti.com.mx\/tienda\/shop\/sonicwall-capture-client-premier\/#primaryimage\"},\"image\":{\"@id\":\"https:\/\/conexperti.com.mx\/tienda\/shop\/sonicwall-capture-client-premier\/#primaryimage\"},\"thumbnailUrl\":\"https:\/\/conexperti.com.mx\/tienda\/wp-content\/uploads\/2025\/10\/Capture_Client_Premier.jpg\",\"datePublished\":\"2025-10-23T17:37:25+00:00\",\"dateModified\":\"2025-10-28T02:02:52+00:00\",\"breadcrumb\":{\"@id\":\"https:\/\/conexperti.com.mx\/tienda\/shop\/sonicwall-capture-client-premier\/#breadcrumb\"},\"inLanguage\":\"es\",\"potentialAction\":[{\"@type\":\"ReadAction\",\"target\":[\"https:\/\/conexperti.com.mx\/tienda\/shop\/sonicwall-capture-client-premier\/\"]}]},{\"@type\":\"ImageObject\",\"inLanguage\":\"es\",\"@id\":\"https:\/\/conexperti.com.mx\/tienda\/shop\/sonicwall-capture-client-premier\/#primaryimage\",\"url\":\"https:\/\/conexperti.com.mx\/tienda\/wp-content\/uploads\/2025\/10\/Capture_Client_Premier.jpg\",\"contentUrl\":\"https:\/\/conexperti.com.mx\/tienda\/wp-content\/uploads\/2025\/10\/Capture_Client_Premier.jpg\",\"width\":1000,\"height\":1000},{\"@type\":\"BreadcrumbList\",\"@id\":\"https:\/\/conexperti.com.mx\/tienda\/shop\/sonicwall-capture-client-premier\/#breadcrumb\",\"itemListElement\":[{\"@type\":\"ListItem\",\"position\":1,\"name\":\"Portada\",\"item\":\"https:\/\/conexperti.com.mx\/tienda\/\"},{\"@type\":\"ListItem\",\"position\":2,\"name\":\"Tienda\",\"item\":\"https:\/\/conexperti.com.mx\/tienda\/shop\/\"},{\"@type\":\"ListItem\",\"position\":3,\"name\":\"SonicWall Capture Client Premier\"}]},{\"@type\":\"WebSite\",\"@id\":\"https:\/\/conexperti.com.mx\/tienda\/#website\",\"url\":\"https:\/\/conexperti.com.mx\/tienda\/\",\"name\":\"ConexperTI\",\"description\":\"\",\"potentialAction\":[{\"@type\":\"SearchAction\",\"target\":{\"@type\":\"EntryPoint\",\"urlTemplate\":\"https:\/\/conexperti.com.mx\/tienda\/?s={search_term_string}\"},\"query-input\":{\"@type\":\"PropertyValueSpecification\",\"valueRequired\":true,\"valueName\":\"search_term_string\"}}],\"inLanguage\":\"es\"}]}<\/script>\n<!-- \/ Yoast SEO plugin. -->","yoast_head_json":{"title":"SonicWall Capture Client Premier - ConexperTI","robots":{"index":"index","follow":"follow","max-snippet":"max-snippet:-1","max-image-preview":"max-image-preview:large","max-video-preview":"max-video-preview:-1"},"canonical":"https:\/\/conexperti.com.mx\/tienda\/shop\/sonicwall-capture-client-premier\/","og_locale":"es_ES","og_type":"article","og_title":"SonicWall Capture Client Premier - ConexperTI","og_description":"Descubre la protecci\u00f3n total con SonicWall Capture Client Premier. Esta es la suite de seguridad de endpoint definitiva. Obtienes toda la potencia de \"Advanced\"\u2014IA contra ransomware y el crucial rollback de amenazas\u2014m\u00e1s un control sin precedentes.  Premier a\u00f1ade filtrado de contenido web para bloquear sitios maliciosos y no productivos, y control de aplicaciones para detener software no autorizado. No solo proteges tus dispositivos contra ataques; ahora tambi\u00e9n gestionas la productividad del usuario y el cumplimiento de pol\u00edticas. Seguridad y gesti\u00f3n total en\u00a0un\u00a0solo\u00a0agente.  Esta compra incluye:      Antimalware de nueva generacion  Capacitacion\u00a0en\u00a0el\u00a0uso  Tiempo de entrega: 1 semana  Ver Ficha Tecnica","og_url":"https:\/\/conexperti.com.mx\/tienda\/shop\/sonicwall-capture-client-premier\/","og_site_name":"ConexperTI","article_modified_time":"2025-10-28T02:02:52+00:00","og_image":[{"width":1000,"height":1000,"url":"https:\/\/conexperti.com.mx\/tienda\/wp-content\/uploads\/2025\/10\/Capture_Client_Premier.jpg","type":"image\/jpeg"}],"twitter_card":"summary_large_image","twitter_misc":{"Tiempo de lectura":"1 minuto"},"schema":{"@context":"https:\/\/schema.org","@graph":[{"@type":"WebPage","@id":"https:\/\/conexperti.com.mx\/tienda\/shop\/sonicwall-capture-client-premier\/","url":"https:\/\/conexperti.com.mx\/tienda\/shop\/sonicwall-capture-client-premier\/","name":"SonicWall Capture Client Premier - ConexperTI","isPartOf":{"@id":"https:\/\/conexperti.com.mx\/tienda\/#website"},"primaryImageOfPage":{"@id":"https:\/\/conexperti.com.mx\/tienda\/shop\/sonicwall-capture-client-premier\/#primaryimage"},"image":{"@id":"https:\/\/conexperti.com.mx\/tienda\/shop\/sonicwall-capture-client-premier\/#primaryimage"},"thumbnailUrl":"https:\/\/conexperti.com.mx\/tienda\/wp-content\/uploads\/2025\/10\/Capture_Client_Premier.jpg","datePublished":"2025-10-23T17:37:25+00:00","dateModified":"2025-10-28T02:02:52+00:00","breadcrumb":{"@id":"https:\/\/conexperti.com.mx\/tienda\/shop\/sonicwall-capture-client-premier\/#breadcrumb"},"inLanguage":"es","potentialAction":[{"@type":"ReadAction","target":["https:\/\/conexperti.com.mx\/tienda\/shop\/sonicwall-capture-client-premier\/"]}]},{"@type":"ImageObject","inLanguage":"es","@id":"https:\/\/conexperti.com.mx\/tienda\/shop\/sonicwall-capture-client-premier\/#primaryimage","url":"https:\/\/conexperti.com.mx\/tienda\/wp-content\/uploads\/2025\/10\/Capture_Client_Premier.jpg","contentUrl":"https:\/\/conexperti.com.mx\/tienda\/wp-content\/uploads\/2025\/10\/Capture_Client_Premier.jpg","width":1000,"height":1000},{"@type":"BreadcrumbList","@id":"https:\/\/conexperti.com.mx\/tienda\/shop\/sonicwall-capture-client-premier\/#breadcrumb","itemListElement":[{"@type":"ListItem","position":1,"name":"Portada","item":"https:\/\/conexperti.com.mx\/tienda\/"},{"@type":"ListItem","position":2,"name":"Tienda","item":"https:\/\/conexperti.com.mx\/tienda\/shop\/"},{"@type":"ListItem","position":3,"name":"SonicWall Capture Client Premier"}]},{"@type":"WebSite","@id":"https:\/\/conexperti.com.mx\/tienda\/#website","url":"https:\/\/conexperti.com.mx\/tienda\/","name":"ConexperTI","description":"","potentialAction":[{"@type":"SearchAction","target":{"@type":"EntryPoint","urlTemplate":"https:\/\/conexperti.com.mx\/tienda\/?s={search_term_string}"},"query-input":{"@type":"PropertyValueSpecification","valueRequired":true,"valueName":"search_term_string"}}],"inLanguage":"es"}]}},"_links":{"self":[{"href":"https:\/\/conexperti.com.mx\/tienda\/wp-json\/wp\/v2\/product\/5742","targetHints":{"allow":["GET"]}}],"collection":[{"href":"https:\/\/conexperti.com.mx\/tienda\/wp-json\/wp\/v2\/product"}],"about":[{"href":"https:\/\/conexperti.com.mx\/tienda\/wp-json\/wp\/v2\/types\/product"}],"replies":[{"embeddable":true,"href":"https:\/\/conexperti.com.mx\/tienda\/wp-json\/wp\/v2\/comments?post=5742"}],"version-history":[{"count":9,"href":"https:\/\/conexperti.com.mx\/tienda\/wp-json\/wp\/v2\/product\/5742\/revisions"}],"predecessor-version":[{"id":5837,"href":"https:\/\/conexperti.com.mx\/tienda\/wp-json\/wp\/v2\/product\/5742\/revisions\/5837"}],"wp:featuredmedia":[{"embeddable":true,"href":"https:\/\/conexperti.com.mx\/tienda\/wp-json\/wp\/v2\/media\/5749"}],"wp:attachment":[{"href":"https:\/\/conexperti.com.mx\/tienda\/wp-json\/wp\/v2\/media?parent=5742"}],"wp:term":[{"taxonomy":"product_cat","embeddable":true,"href":"https:\/\/conexperti.com.mx\/tienda\/wp-json\/wp\/v2\/product_cat?post=5742"},{"taxonomy":"product_tag","embeddable":true,"href":"https:\/\/conexperti.com.mx\/tienda\/wp-json\/wp\/v2\/product_tag?post=5742"}],"curies":[{"name":"wp","href":"https:\/\/api.w.org\/{rel}","templated":true}]}}