{"id":5740,"date":"2025-10-23T17:37:01","date_gmt":"2025-10-23T17:37:01","guid":{"rendered":"https:\/\/conexperti.com.mx\/tienda\/?post_type=product&#038;p=5740"},"modified":"2025-10-28T02:02:37","modified_gmt":"2025-10-28T02:02:37","slug":"sonicwall-capture-client-advanced","status":"publish","type":"product","link":"https:\/\/conexperti.com.mx\/tienda\/shop\/sonicwall-capture-client-advanced\/","title":{"rendered":"SonicWall Capture Client Advanced"},"content":{"rendered":"","protected":false},"excerpt":{"rendered":"<p align=\"justify\">Lleva tu seguridad al siguiente nivel con SonicWall Capture Client Advanced. Olv\u00eddate del antivirus tradicional; esta es una defensa de endpoint de \u00e9lite. Utiliza inteligencia artificial y protecci\u00f3n basada en comportamiento para detener ransomware, malware evasivo y amenazas de d\u00eda cero en tiempo real.<\/p>\n<p>Su arma secreta: la capacidad de rollback, que revierte el da\u00f1o causado por un ataque y restaura tus archivos al instante. Protege todos tus servidores y estaciones de trabajo, est\u00e9n donde est\u00e9n, desde una consola centralizada. Seguridad avanzada,\u00a0simplificada.<\/p>\n<p><b>Esta compra incluye:<\/b><\/p>\n<ul>\n<li>Antimalware de nueva generacion<\/li>\n<li>Capacitacion\u00a0en\u00a0el\u00a0uso<\/li>\n<\/ul>\n<p><b>Tiempo de entrega:<\/b> 1 semana\n<\/p>\n<p><em><strong><a href=\"https:\/\/www.sonicwall.com\/es-mx\/resources\/datasheet\/sonicwall-capture-client\" target=\"_blank\" rel=\"noopener\">Ver Ficha Tecnica<\/a><\/strong><\/em><\/p>\n","protected":false},"featured_media":5745,"comment_status":"open","ping_status":"closed","template":"","meta":[],"product_cat":[110],"product_tag":[],"class_list":{"0":"post-5740","1":"product","2":"type-product","3":"status-publish","4":"has-post-thumbnail","6":"product_cat-antivirus","8":"first","9":"instock","10":"sale","11":"shipping-taxable","12":"purchasable","13":"product-type-variable"},"yoast_head":"<!-- This site is optimized with the Yoast SEO plugin v26.2 - https:\/\/yoast.com\/wordpress\/plugins\/seo\/ -->\n<title>SonicWall Capture Client Advanced - ConexperTI<\/title>\n<meta name=\"robots\" content=\"index, follow, max-snippet:-1, max-image-preview:large, max-video-preview:-1\" \/>\n<link rel=\"canonical\" href=\"https:\/\/conexperti.com.mx\/tienda\/shop\/sonicwall-capture-client-advanced\/\" \/>\n<meta property=\"og:locale\" content=\"es_ES\" \/>\n<meta property=\"og:type\" content=\"article\" \/>\n<meta property=\"og:title\" content=\"SonicWall Capture Client Advanced - ConexperTI\" \/>\n<meta property=\"og:description\" content=\"Lleva tu seguridad al siguiente nivel con SonicWall Capture Client Advanced. Olv\u00eddate del antivirus tradicional; esta es una defensa de endpoint de \u00e9lite. Utiliza inteligencia artificial y protecci\u00f3n basada en comportamiento para detener ransomware, malware evasivo y amenazas de d\u00eda cero en tiempo real.  Su arma secreta: la capacidad de rollback, que revierte el da\u00f1o causado por un ataque y restaura tus archivos al instante. Protege todos tus servidores y estaciones de trabajo, est\u00e9n donde est\u00e9n, desde una consola centralizada. Seguridad avanzada,\u00a0simplificada.  Esta compra incluye:      Antimalware de nueva generacion  Capacitacion\u00a0en\u00a0el\u00a0uso  Tiempo de entrega: 1 semana  Ver Ficha Tecnica\" \/>\n<meta property=\"og:url\" content=\"https:\/\/conexperti.com.mx\/tienda\/shop\/sonicwall-capture-client-advanced\/\" \/>\n<meta property=\"og:site_name\" content=\"ConexperTI\" \/>\n<meta property=\"article:modified_time\" content=\"2025-10-28T02:02:37+00:00\" \/>\n<meta property=\"og:image\" content=\"https:\/\/conexperti.com.mx\/tienda\/wp-content\/uploads\/2025\/10\/Capture_Client_Advanced.jpg\" \/>\n\t<meta property=\"og:image:width\" content=\"1000\" \/>\n\t<meta property=\"og:image:height\" content=\"1000\" \/>\n\t<meta property=\"og:image:type\" content=\"image\/jpeg\" \/>\n<meta name=\"twitter:card\" content=\"summary_large_image\" \/>\n<meta name=\"twitter:label1\" content=\"Tiempo de lectura\" \/>\n\t<meta name=\"twitter:data1\" content=\"1 minuto\" \/>\n<script type=\"application\/ld+json\" class=\"yoast-schema-graph\">{\"@context\":\"https:\/\/schema.org\",\"@graph\":[{\"@type\":\"WebPage\",\"@id\":\"https:\/\/conexperti.com.mx\/tienda\/shop\/sonicwall-capture-client-advanced\/\",\"url\":\"https:\/\/conexperti.com.mx\/tienda\/shop\/sonicwall-capture-client-advanced\/\",\"name\":\"SonicWall Capture Client Advanced - ConexperTI\",\"isPartOf\":{\"@id\":\"https:\/\/conexperti.com.mx\/tienda\/#website\"},\"primaryImageOfPage\":{\"@id\":\"https:\/\/conexperti.com.mx\/tienda\/shop\/sonicwall-capture-client-advanced\/#primaryimage\"},\"image\":{\"@id\":\"https:\/\/conexperti.com.mx\/tienda\/shop\/sonicwall-capture-client-advanced\/#primaryimage\"},\"thumbnailUrl\":\"https:\/\/conexperti.com.mx\/tienda\/wp-content\/uploads\/2025\/10\/Capture_Client_Advanced.jpg\",\"datePublished\":\"2025-10-23T17:37:01+00:00\",\"dateModified\":\"2025-10-28T02:02:37+00:00\",\"breadcrumb\":{\"@id\":\"https:\/\/conexperti.com.mx\/tienda\/shop\/sonicwall-capture-client-advanced\/#breadcrumb\"},\"inLanguage\":\"es\",\"potentialAction\":[{\"@type\":\"ReadAction\",\"target\":[\"https:\/\/conexperti.com.mx\/tienda\/shop\/sonicwall-capture-client-advanced\/\"]}]},{\"@type\":\"ImageObject\",\"inLanguage\":\"es\",\"@id\":\"https:\/\/conexperti.com.mx\/tienda\/shop\/sonicwall-capture-client-advanced\/#primaryimage\",\"url\":\"https:\/\/conexperti.com.mx\/tienda\/wp-content\/uploads\/2025\/10\/Capture_Client_Advanced.jpg\",\"contentUrl\":\"https:\/\/conexperti.com.mx\/tienda\/wp-content\/uploads\/2025\/10\/Capture_Client_Advanced.jpg\",\"width\":1000,\"height\":1000},{\"@type\":\"BreadcrumbList\",\"@id\":\"https:\/\/conexperti.com.mx\/tienda\/shop\/sonicwall-capture-client-advanced\/#breadcrumb\",\"itemListElement\":[{\"@type\":\"ListItem\",\"position\":1,\"name\":\"Portada\",\"item\":\"https:\/\/conexperti.com.mx\/tienda\/\"},{\"@type\":\"ListItem\",\"position\":2,\"name\":\"Tienda\",\"item\":\"https:\/\/conexperti.com.mx\/tienda\/shop\/\"},{\"@type\":\"ListItem\",\"position\":3,\"name\":\"SonicWall Capture Client Advanced\"}]},{\"@type\":\"WebSite\",\"@id\":\"https:\/\/conexperti.com.mx\/tienda\/#website\",\"url\":\"https:\/\/conexperti.com.mx\/tienda\/\",\"name\":\"ConexperTI\",\"description\":\"\",\"potentialAction\":[{\"@type\":\"SearchAction\",\"target\":{\"@type\":\"EntryPoint\",\"urlTemplate\":\"https:\/\/conexperti.com.mx\/tienda\/?s={search_term_string}\"},\"query-input\":{\"@type\":\"PropertyValueSpecification\",\"valueRequired\":true,\"valueName\":\"search_term_string\"}}],\"inLanguage\":\"es\"}]}<\/script>\n<!-- \/ Yoast SEO plugin. -->","yoast_head_json":{"title":"SonicWall Capture Client Advanced - ConexperTI","robots":{"index":"index","follow":"follow","max-snippet":"max-snippet:-1","max-image-preview":"max-image-preview:large","max-video-preview":"max-video-preview:-1"},"canonical":"https:\/\/conexperti.com.mx\/tienda\/shop\/sonicwall-capture-client-advanced\/","og_locale":"es_ES","og_type":"article","og_title":"SonicWall Capture Client Advanced - ConexperTI","og_description":"Lleva tu seguridad al siguiente nivel con SonicWall Capture Client Advanced. Olv\u00eddate del antivirus tradicional; esta es una defensa de endpoint de \u00e9lite. Utiliza inteligencia artificial y protecci\u00f3n basada en comportamiento para detener ransomware, malware evasivo y amenazas de d\u00eda cero en tiempo real.  Su arma secreta: la capacidad de rollback, que revierte el da\u00f1o causado por un ataque y restaura tus archivos al instante. Protege todos tus servidores y estaciones de trabajo, est\u00e9n donde est\u00e9n, desde una consola centralizada. Seguridad avanzada,\u00a0simplificada.  Esta compra incluye:      Antimalware de nueva generacion  Capacitacion\u00a0en\u00a0el\u00a0uso  Tiempo de entrega: 1 semana  Ver Ficha Tecnica","og_url":"https:\/\/conexperti.com.mx\/tienda\/shop\/sonicwall-capture-client-advanced\/","og_site_name":"ConexperTI","article_modified_time":"2025-10-28T02:02:37+00:00","og_image":[{"width":1000,"height":1000,"url":"https:\/\/conexperti.com.mx\/tienda\/wp-content\/uploads\/2025\/10\/Capture_Client_Advanced.jpg","type":"image\/jpeg"}],"twitter_card":"summary_large_image","twitter_misc":{"Tiempo de lectura":"1 minuto"},"schema":{"@context":"https:\/\/schema.org","@graph":[{"@type":"WebPage","@id":"https:\/\/conexperti.com.mx\/tienda\/shop\/sonicwall-capture-client-advanced\/","url":"https:\/\/conexperti.com.mx\/tienda\/shop\/sonicwall-capture-client-advanced\/","name":"SonicWall Capture Client Advanced - ConexperTI","isPartOf":{"@id":"https:\/\/conexperti.com.mx\/tienda\/#website"},"primaryImageOfPage":{"@id":"https:\/\/conexperti.com.mx\/tienda\/shop\/sonicwall-capture-client-advanced\/#primaryimage"},"image":{"@id":"https:\/\/conexperti.com.mx\/tienda\/shop\/sonicwall-capture-client-advanced\/#primaryimage"},"thumbnailUrl":"https:\/\/conexperti.com.mx\/tienda\/wp-content\/uploads\/2025\/10\/Capture_Client_Advanced.jpg","datePublished":"2025-10-23T17:37:01+00:00","dateModified":"2025-10-28T02:02:37+00:00","breadcrumb":{"@id":"https:\/\/conexperti.com.mx\/tienda\/shop\/sonicwall-capture-client-advanced\/#breadcrumb"},"inLanguage":"es","potentialAction":[{"@type":"ReadAction","target":["https:\/\/conexperti.com.mx\/tienda\/shop\/sonicwall-capture-client-advanced\/"]}]},{"@type":"ImageObject","inLanguage":"es","@id":"https:\/\/conexperti.com.mx\/tienda\/shop\/sonicwall-capture-client-advanced\/#primaryimage","url":"https:\/\/conexperti.com.mx\/tienda\/wp-content\/uploads\/2025\/10\/Capture_Client_Advanced.jpg","contentUrl":"https:\/\/conexperti.com.mx\/tienda\/wp-content\/uploads\/2025\/10\/Capture_Client_Advanced.jpg","width":1000,"height":1000},{"@type":"BreadcrumbList","@id":"https:\/\/conexperti.com.mx\/tienda\/shop\/sonicwall-capture-client-advanced\/#breadcrumb","itemListElement":[{"@type":"ListItem","position":1,"name":"Portada","item":"https:\/\/conexperti.com.mx\/tienda\/"},{"@type":"ListItem","position":2,"name":"Tienda","item":"https:\/\/conexperti.com.mx\/tienda\/shop\/"},{"@type":"ListItem","position":3,"name":"SonicWall Capture Client Advanced"}]},{"@type":"WebSite","@id":"https:\/\/conexperti.com.mx\/tienda\/#website","url":"https:\/\/conexperti.com.mx\/tienda\/","name":"ConexperTI","description":"","potentialAction":[{"@type":"SearchAction","target":{"@type":"EntryPoint","urlTemplate":"https:\/\/conexperti.com.mx\/tienda\/?s={search_term_string}"},"query-input":{"@type":"PropertyValueSpecification","valueRequired":true,"valueName":"search_term_string"}}],"inLanguage":"es"}]}},"_links":{"self":[{"href":"https:\/\/conexperti.com.mx\/tienda\/wp-json\/wp\/v2\/product\/5740","targetHints":{"allow":["GET"]}}],"collection":[{"href":"https:\/\/conexperti.com.mx\/tienda\/wp-json\/wp\/v2\/product"}],"about":[{"href":"https:\/\/conexperti.com.mx\/tienda\/wp-json\/wp\/v2\/types\/product"}],"replies":[{"embeddable":true,"href":"https:\/\/conexperti.com.mx\/tienda\/wp-json\/wp\/v2\/comments?post=5740"}],"version-history":[{"count":8,"href":"https:\/\/conexperti.com.mx\/tienda\/wp-json\/wp\/v2\/product\/5740\/revisions"}],"predecessor-version":[{"id":5836,"href":"https:\/\/conexperti.com.mx\/tienda\/wp-json\/wp\/v2\/product\/5740\/revisions\/5836"}],"wp:featuredmedia":[{"embeddable":true,"href":"https:\/\/conexperti.com.mx\/tienda\/wp-json\/wp\/v2\/media\/5745"}],"wp:attachment":[{"href":"https:\/\/conexperti.com.mx\/tienda\/wp-json\/wp\/v2\/media?parent=5740"}],"wp:term":[{"taxonomy":"product_cat","embeddable":true,"href":"https:\/\/conexperti.com.mx\/tienda\/wp-json\/wp\/v2\/product_cat?post=5740"},{"taxonomy":"product_tag","embeddable":true,"href":"https:\/\/conexperti.com.mx\/tienda\/wp-json\/wp\/v2\/product_tag?post=5740"}],"curies":[{"name":"wp","href":"https:\/\/api.w.org\/{rel}","templated":true}]}}