{"id":5462,"date":"2025-10-11T05:25:06","date_gmt":"2025-10-11T05:25:06","guid":{"rendered":"https:\/\/conexperti.com.mx\/tienda\/shop\/tz-670\/"},"modified":"2025-11-13T18:51:49","modified_gmt":"2025-11-13T18:51:49","slug":"tz-670","status":"publish","type":"product","link":"https:\/\/conexperti.com.mx\/tienda\/shop\/tz-670\/","title":{"rendered":"02-SSC-5640 &#8211; SONICWALL TZ 670 TOTALSECURE &#8211; ESSENTIAL EDITION 1 A\u00d1O"},"content":{"rendered":"","protected":false},"excerpt":{"rendered":"<p align=\"justify\">El <b>SonicWall TZ 670<\/b> es el modelo insignia de la serie TZ, ofreciendo el m\u00e1ximo rendimiento y la mayor densidad de puertos de la gama. Est\u00e1 preparado para el futuro de la conectividad con m\u00faltiples interfaces de 10G, lo que garantiza una protecci\u00f3n de primer nivel sin latencia para las empresas m\u00e1s exigentes. Es la soluci\u00f3n definitiva para sedes centrales, centros de datos compactos y entornos distribuidos que requieren la m\u00e1xima capacidad de inspecci\u00f3n de amenazas, conectividad VPN de alta velocidad y una gesti\u00f3n de seguridad centralizada y escalable. Es ideal para grandes empresas, sedes centrales y entornos que requieren el m\u00e1ximo rendimiento de red y seguridad sin concesiones. Con rendimiento clave de hasta 5.2 Gbps de firewall y 3.0 Gbps de prevenci\u00f3n de amenazas.<\/p>\n<p><b>Esta compra incluye:<\/b><\/p>\n<ul>\n<li>Firewall TZ 670<\/li>\n<li>Licenciamiento TotalSecure Essential por 1 a\u00f1o.<\/li>\n<li>Servicios de Seguridad: Gateway Antivirus, Intrusion Prevention, App Control, Content Filtering, Geo-IP Filter, Capture ATP, Botnet Filter, DPI-SSL, SD-WAN, IP-Sec VPN, SSL VPN.<\/li>\n<li>Actualizaciones de Firmware.<\/li>\n<li>Garantia en el Hardware.<\/li>\n<li>Instalacion y Configuracion Tecnica Incluida<\/li>\n<\/ul>\n<p><b>Precios en Dolar Americano (USD)<\/b><\/p>\n<p><a style=\"text-decoration: underline;\" href=\"https:\/\/www.sonicwall.com\/es-mx\/resources\/datasheet\/datasheet-sonicwall-tz-series-gen-7\" target=\"_blank\" rel=\"noopener\">Ver Ficha Tecnica<\/a><\/p>\n","protected":false},"featured_media":5648,"comment_status":"open","ping_status":"closed","template":"","meta":[],"product_cat":[104],"product_tag":[],"class_list":{"0":"post-5462","1":"product","2":"type-product","3":"status-publish","4":"has-post-thumbnail","6":"product_cat-firewall-sonicwall","8":"first","9":"instock","10":"sale","11":"shipping-taxable","12":"purchasable","13":"product-type-simple"},"yoast_head":"<!-- This site is optimized with the Yoast SEO plugin v26.2 - https:\/\/yoast.com\/wordpress\/plugins\/seo\/ -->\n<title>02-SSC-5640 - SONICWALL TZ 670 TOTALSECURE - ESSENTIAL EDITION 1 A\u00d1O - ConexperTI<\/title>\n<meta name=\"robots\" content=\"index, follow, max-snippet:-1, max-image-preview:large, max-video-preview:-1\" \/>\n<link rel=\"canonical\" href=\"https:\/\/conexperti.com.mx\/tienda\/shop\/tz-670\/\" \/>\n<meta property=\"og:locale\" content=\"es_ES\" \/>\n<meta property=\"og:type\" content=\"article\" \/>\n<meta property=\"og:title\" content=\"02-SSC-5640 - SONICWALL TZ 670 TOTALSECURE - ESSENTIAL EDITION 1 A\u00d1O - ConexperTI\" \/>\n<meta property=\"og:description\" content=\"El SonicWall TZ 670 es el modelo insignia de la serie TZ, ofreciendo el m\u00e1ximo rendimiento y la mayor densidad de puertos de la gama. Est\u00e1 preparado para el futuro de la conectividad con m\u00faltiples interfaces de 10G, lo que garantiza una protecci\u00f3n de primer nivel sin latencia para las empresas m\u00e1s exigentes. Es la soluci\u00f3n definitiva para sedes centrales, centros de datos compactos y entornos distribuidos que requieren la m\u00e1xima capacidad de inspecci\u00f3n de amenazas, conectividad VPN de alta velocidad y una gesti\u00f3n de seguridad centralizada y escalable. Es ideal para grandes empresas, sedes centrales y entornos que requieren el m\u00e1ximo rendimiento de red y seguridad sin concesiones. Con rendimiento clave de hasta 5.2 Gbps de firewall y 3.0 Gbps de prevenci\u00f3n de amenazas.   Esta compra incluye:    Firewall TZ 670  Licenciamiento TotalSecure Essential por 1 a\u00f1o.  Servicios de Seguridad: Gateway Antivirus, Intrusion Prevention, App Control, Content Filtering, Geo-IP Filter, Capture ATP, Botnet Filter, DPI-SSL, SD-WAN, IP-Sec VPN, SSL VPN.  Actualizaciones de Firmware.  Garantia en el Hardware.  Instalacion y Configuracion Tecnica Incluida  Precios en Dolar Americano (USD)  Ver Ficha Tecnica\" \/>\n<meta property=\"og:url\" content=\"https:\/\/conexperti.com.mx\/tienda\/shop\/tz-670\/\" \/>\n<meta property=\"og:site_name\" content=\"ConexperTI\" \/>\n<meta property=\"article:modified_time\" content=\"2025-11-13T18:51:49+00:00\" \/>\n<meta property=\"og:image\" content=\"https:\/\/conexperti.com.mx\/tienda\/wp-content\/uploads\/2025\/10\/Sonicwall_TZ_670.jpg\" \/>\n\t<meta property=\"og:image:width\" content=\"1000\" \/>\n\t<meta property=\"og:image:height\" content=\"1000\" \/>\n\t<meta property=\"og:image:type\" content=\"image\/jpeg\" \/>\n<meta name=\"twitter:card\" content=\"summary_large_image\" \/>\n<meta name=\"twitter:label1\" content=\"Tiempo de lectura\" \/>\n\t<meta name=\"twitter:data1\" content=\"1 minuto\" \/>\n<script type=\"application\/ld+json\" class=\"yoast-schema-graph\">{\"@context\":\"https:\/\/schema.org\",\"@graph\":[{\"@type\":\"WebPage\",\"@id\":\"https:\/\/conexperti.com.mx\/tienda\/shop\/tz-670\/\",\"url\":\"https:\/\/conexperti.com.mx\/tienda\/shop\/tz-670\/\",\"name\":\"02-SSC-5640 - SONICWALL TZ 670 TOTALSECURE - ESSENTIAL EDITION 1 A\u00d1O - ConexperTI\",\"isPartOf\":{\"@id\":\"https:\/\/conexperti.com.mx\/tienda\/#website\"},\"primaryImageOfPage\":{\"@id\":\"https:\/\/conexperti.com.mx\/tienda\/shop\/tz-670\/#primaryimage\"},\"image\":{\"@id\":\"https:\/\/conexperti.com.mx\/tienda\/shop\/tz-670\/#primaryimage\"},\"thumbnailUrl\":\"https:\/\/conexperti.com.mx\/tienda\/wp-content\/uploads\/2025\/10\/Sonicwall_TZ_670.jpg\",\"datePublished\":\"2025-10-11T05:25:06+00:00\",\"dateModified\":\"2025-11-13T18:51:49+00:00\",\"breadcrumb\":{\"@id\":\"https:\/\/conexperti.com.mx\/tienda\/shop\/tz-670\/#breadcrumb\"},\"inLanguage\":\"es\",\"potentialAction\":[{\"@type\":\"ReadAction\",\"target\":[\"https:\/\/conexperti.com.mx\/tienda\/shop\/tz-670\/\"]}]},{\"@type\":\"ImageObject\",\"inLanguage\":\"es\",\"@id\":\"https:\/\/conexperti.com.mx\/tienda\/shop\/tz-670\/#primaryimage\",\"url\":\"https:\/\/conexperti.com.mx\/tienda\/wp-content\/uploads\/2025\/10\/Sonicwall_TZ_670.jpg\",\"contentUrl\":\"https:\/\/conexperti.com.mx\/tienda\/wp-content\/uploads\/2025\/10\/Sonicwall_TZ_670.jpg\",\"width\":1000,\"height\":1000},{\"@type\":\"BreadcrumbList\",\"@id\":\"https:\/\/conexperti.com.mx\/tienda\/shop\/tz-670\/#breadcrumb\",\"itemListElement\":[{\"@type\":\"ListItem\",\"position\":1,\"name\":\"Portada\",\"item\":\"https:\/\/conexperti.com.mx\/tienda\/\"},{\"@type\":\"ListItem\",\"position\":2,\"name\":\"Tienda\",\"item\":\"https:\/\/conexperti.com.mx\/tienda\/shop\/\"},{\"@type\":\"ListItem\",\"position\":3,\"name\":\"02-SSC-5640 &#8211; SONICWALL TZ 670 TOTALSECURE &#8211; ESSENTIAL EDITION 1 A\u00d1O\"}]},{\"@type\":\"WebSite\",\"@id\":\"https:\/\/conexperti.com.mx\/tienda\/#website\",\"url\":\"https:\/\/conexperti.com.mx\/tienda\/\",\"name\":\"ConexperTI\",\"description\":\"\",\"potentialAction\":[{\"@type\":\"SearchAction\",\"target\":{\"@type\":\"EntryPoint\",\"urlTemplate\":\"https:\/\/conexperti.com.mx\/tienda\/?s={search_term_string}\"},\"query-input\":{\"@type\":\"PropertyValueSpecification\",\"valueRequired\":true,\"valueName\":\"search_term_string\"}}],\"inLanguage\":\"es\"}]}<\/script>\n<!-- \/ Yoast SEO plugin. -->","yoast_head_json":{"title":"02-SSC-5640 - SONICWALL TZ 670 TOTALSECURE - ESSENTIAL EDITION 1 A\u00d1O - ConexperTI","robots":{"index":"index","follow":"follow","max-snippet":"max-snippet:-1","max-image-preview":"max-image-preview:large","max-video-preview":"max-video-preview:-1"},"canonical":"https:\/\/conexperti.com.mx\/tienda\/shop\/tz-670\/","og_locale":"es_ES","og_type":"article","og_title":"02-SSC-5640 - SONICWALL TZ 670 TOTALSECURE - ESSENTIAL EDITION 1 A\u00d1O - ConexperTI","og_description":"El SonicWall TZ 670 es el modelo insignia de la serie TZ, ofreciendo el m\u00e1ximo rendimiento y la mayor densidad de puertos de la gama. Est\u00e1 preparado para el futuro de la conectividad con m\u00faltiples interfaces de 10G, lo que garantiza una protecci\u00f3n de primer nivel sin latencia para las empresas m\u00e1s exigentes. Es la soluci\u00f3n definitiva para sedes centrales, centros de datos compactos y entornos distribuidos que requieren la m\u00e1xima capacidad de inspecci\u00f3n de amenazas, conectividad VPN de alta velocidad y una gesti\u00f3n de seguridad centralizada y escalable. Es ideal para grandes empresas, sedes centrales y entornos que requieren el m\u00e1ximo rendimiento de red y seguridad sin concesiones. Con rendimiento clave de hasta 5.2 Gbps de firewall y 3.0 Gbps de prevenci\u00f3n de amenazas.   Esta compra incluye:    Firewall TZ 670  Licenciamiento TotalSecure Essential por 1 a\u00f1o.  Servicios de Seguridad: Gateway Antivirus, Intrusion Prevention, App Control, Content Filtering, Geo-IP Filter, Capture ATP, Botnet Filter, DPI-SSL, SD-WAN, IP-Sec VPN, SSL VPN.  Actualizaciones de Firmware.  Garantia en el Hardware.  Instalacion y Configuracion Tecnica Incluida  Precios en Dolar Americano (USD)  Ver Ficha Tecnica","og_url":"https:\/\/conexperti.com.mx\/tienda\/shop\/tz-670\/","og_site_name":"ConexperTI","article_modified_time":"2025-11-13T18:51:49+00:00","og_image":[{"width":1000,"height":1000,"url":"https:\/\/conexperti.com.mx\/tienda\/wp-content\/uploads\/2025\/10\/Sonicwall_TZ_670.jpg","type":"image\/jpeg"}],"twitter_card":"summary_large_image","twitter_misc":{"Tiempo de lectura":"1 minuto"},"schema":{"@context":"https:\/\/schema.org","@graph":[{"@type":"WebPage","@id":"https:\/\/conexperti.com.mx\/tienda\/shop\/tz-670\/","url":"https:\/\/conexperti.com.mx\/tienda\/shop\/tz-670\/","name":"02-SSC-5640 - SONICWALL TZ 670 TOTALSECURE - ESSENTIAL EDITION 1 A\u00d1O - ConexperTI","isPartOf":{"@id":"https:\/\/conexperti.com.mx\/tienda\/#website"},"primaryImageOfPage":{"@id":"https:\/\/conexperti.com.mx\/tienda\/shop\/tz-670\/#primaryimage"},"image":{"@id":"https:\/\/conexperti.com.mx\/tienda\/shop\/tz-670\/#primaryimage"},"thumbnailUrl":"https:\/\/conexperti.com.mx\/tienda\/wp-content\/uploads\/2025\/10\/Sonicwall_TZ_670.jpg","datePublished":"2025-10-11T05:25:06+00:00","dateModified":"2025-11-13T18:51:49+00:00","breadcrumb":{"@id":"https:\/\/conexperti.com.mx\/tienda\/shop\/tz-670\/#breadcrumb"},"inLanguage":"es","potentialAction":[{"@type":"ReadAction","target":["https:\/\/conexperti.com.mx\/tienda\/shop\/tz-670\/"]}]},{"@type":"ImageObject","inLanguage":"es","@id":"https:\/\/conexperti.com.mx\/tienda\/shop\/tz-670\/#primaryimage","url":"https:\/\/conexperti.com.mx\/tienda\/wp-content\/uploads\/2025\/10\/Sonicwall_TZ_670.jpg","contentUrl":"https:\/\/conexperti.com.mx\/tienda\/wp-content\/uploads\/2025\/10\/Sonicwall_TZ_670.jpg","width":1000,"height":1000},{"@type":"BreadcrumbList","@id":"https:\/\/conexperti.com.mx\/tienda\/shop\/tz-670\/#breadcrumb","itemListElement":[{"@type":"ListItem","position":1,"name":"Portada","item":"https:\/\/conexperti.com.mx\/tienda\/"},{"@type":"ListItem","position":2,"name":"Tienda","item":"https:\/\/conexperti.com.mx\/tienda\/shop\/"},{"@type":"ListItem","position":3,"name":"02-SSC-5640 &#8211; SONICWALL TZ 670 TOTALSECURE &#8211; ESSENTIAL EDITION 1 A\u00d1O"}]},{"@type":"WebSite","@id":"https:\/\/conexperti.com.mx\/tienda\/#website","url":"https:\/\/conexperti.com.mx\/tienda\/","name":"ConexperTI","description":"","potentialAction":[{"@type":"SearchAction","target":{"@type":"EntryPoint","urlTemplate":"https:\/\/conexperti.com.mx\/tienda\/?s={search_term_string}"},"query-input":{"@type":"PropertyValueSpecification","valueRequired":true,"valueName":"search_term_string"}}],"inLanguage":"es"}]}},"_links":{"self":[{"href":"https:\/\/conexperti.com.mx\/tienda\/wp-json\/wp\/v2\/product\/5462","targetHints":{"allow":["GET"]}}],"collection":[{"href":"https:\/\/conexperti.com.mx\/tienda\/wp-json\/wp\/v2\/product"}],"about":[{"href":"https:\/\/conexperti.com.mx\/tienda\/wp-json\/wp\/v2\/types\/product"}],"replies":[{"embeddable":true,"href":"https:\/\/conexperti.com.mx\/tienda\/wp-json\/wp\/v2\/comments?post=5462"}],"version-history":[{"count":8,"href":"https:\/\/conexperti.com.mx\/tienda\/wp-json\/wp\/v2\/product\/5462\/revisions"}],"predecessor-version":[{"id":5919,"href":"https:\/\/conexperti.com.mx\/tienda\/wp-json\/wp\/v2\/product\/5462\/revisions\/5919"}],"wp:featuredmedia":[{"embeddable":true,"href":"https:\/\/conexperti.com.mx\/tienda\/wp-json\/wp\/v2\/media\/5648"}],"wp:attachment":[{"href":"https:\/\/conexperti.com.mx\/tienda\/wp-json\/wp\/v2\/media?parent=5462"}],"wp:term":[{"taxonomy":"product_cat","embeddable":true,"href":"https:\/\/conexperti.com.mx\/tienda\/wp-json\/wp\/v2\/product_cat?post=5462"},{"taxonomy":"product_tag","embeddable":true,"href":"https:\/\/conexperti.com.mx\/tienda\/wp-json\/wp\/v2\/product_tag?post=5462"}],"curies":[{"name":"wp","href":"https:\/\/api.w.org\/{rel}","templated":true}]}}