{"id":5461,"date":"2025-10-11T05:25:06","date_gmt":"2025-10-11T05:25:06","guid":{"rendered":"https:\/\/conexperti.com.mx\/tienda\/shop\/tz-570\/"},"modified":"2025-11-13T18:46:58","modified_gmt":"2025-11-13T18:46:58","slug":"tz-570","status":"publish","type":"product","link":"https:\/\/conexperti.com.mx\/tienda\/shop\/tz-570\/","title":{"rendered":"02-SSC-5676 &#8211; SONICWALL TZ 570 TOTALSECURE &#8211; ADVANCED EDITION 1 A\u00d1O"},"content":{"rendered":"","protected":false},"excerpt":{"rendered":"<p align=\"justify\">El <b>SonicWall TZ 570<\/b> es una potencia de seguridad dise\u00f1ada para entornos de medianos a grandes y data centers distribuidos. Equipado con m\u00faltiples puertos de 10G\/5G\/2.5G, est\u00e1 construido para eliminar los cuellos de botella en redes modernas que dependen de aplicaciones de alto ancho de banda y transferencias masivas de datos. Ofrece una densidad de puertos excepcional y un rendimiento de prevenci\u00f3n de amenazas superior, lo que lo convierte en la soluci\u00f3n ideal para organizaciones que no pueden permitirse comprometer ni la velocidad ni la seguridad. Es ideal para sedes corporativas, campus educativos y organizaciones con alta densidad de usuarios y dispositivos. Con rendimiento clave de hasta 5.0 Gbps de firewall y 2.5 Gbps de prevenci\u00f3n de amenazas.<\/p>\n<p><b>Esta compra incluye:<\/b><\/p>\n<ul>\n<li>Firewall TZ 570<\/li>\n<li>Licenciamiento TotalSecure Advance por 1 a\u00f1o.<\/li>\n<li>Servicios de Seguridad: Gateway Antivirus, Intrusion Prevention, App Control, Content Filtering, Geo-IP Filter, Capture ATP, Botnet Filter, DPI-SSL, SD-WAN, IP-Sec VPN, SSL VPN.<\/li>\n<li>Actualizaciones de Firmware.<\/li>\n<li>Garantia en el Hardware.<\/li>\n<li>Administracion del Firewall por medio de la consola NSM en la Nube<\/li>\n<li>Instalacion y Configuracion Tecnica Incluida<\/li>\n<\/ul>\n<p><b>Precios en Dolar Americano (USD)<\/b><\/p>\n<p><a style=\"text-decoration: underline;\" href=\"https:\/\/www.sonicwall.com\/es-mx\/resources\/datasheet\/datasheet-sonicwall-tz-series-gen-7\" target=\"_blank\" rel=\"noopener\">Ver Ficha Tecnica<\/a><\/p>\n","protected":false},"featured_media":5647,"comment_status":"open","ping_status":"closed","template":"","meta":[],"product_cat":[104],"product_tag":[],"class_list":{"0":"post-5461","1":"product","2":"type-product","3":"status-publish","4":"has-post-thumbnail","6":"product_cat-firewall-sonicwall","8":"first","9":"instock","10":"sale","11":"shipping-taxable","12":"purchasable","13":"product-type-simple"},"yoast_head":"<!-- This site is optimized with the Yoast SEO plugin v26.2 - https:\/\/yoast.com\/wordpress\/plugins\/seo\/ -->\n<title>02-SSC-5676 - SONICWALL TZ 570 TOTALSECURE - ADVANCED EDITION 1 A\u00d1O - ConexperTI<\/title>\n<meta name=\"robots\" content=\"index, follow, max-snippet:-1, max-image-preview:large, max-video-preview:-1\" \/>\n<link rel=\"canonical\" href=\"https:\/\/conexperti.com.mx\/tienda\/shop\/tz-570\/\" \/>\n<meta property=\"og:locale\" content=\"es_ES\" \/>\n<meta property=\"og:type\" content=\"article\" \/>\n<meta property=\"og:title\" content=\"02-SSC-5676 - SONICWALL TZ 570 TOTALSECURE - ADVANCED EDITION 1 A\u00d1O - ConexperTI\" \/>\n<meta property=\"og:description\" content=\"El SonicWall TZ 570 es una potencia de seguridad dise\u00f1ada para entornos de medianos a grandes y data centers distribuidos. Equipado con m\u00faltiples puertos de 10G\/5G\/2.5G, est\u00e1 construido para eliminar los cuellos de botella en redes modernas que dependen de aplicaciones de alto ancho de banda y transferencias masivas de datos. Ofrece una densidad de puertos excepcional y un rendimiento de prevenci\u00f3n de amenazas superior, lo que lo convierte en la soluci\u00f3n ideal para organizaciones que no pueden permitirse comprometer ni la velocidad ni la seguridad. Es ideal para sedes corporativas, campus educativos y organizaciones con alta densidad de usuarios y dispositivos. Con rendimiento clave de hasta 5.0 Gbps de firewall y 2.5 Gbps de prevenci\u00f3n de amenazas. Esta compra incluye:   Firewall TZ 570  Licenciamiento TotalSecure Advance por 1 a\u00f1o.  Servicios de Seguridad: Gateway Antivirus, Intrusion Prevention, App Control, Content Filtering, Geo-IP Filter, Capture ATP, Botnet Filter, DPI-SSL, SD-WAN, IP-Sec VPN, SSL VPN.  Actualizaciones de Firmware.  Garantia en el Hardware.  Administracion del Firewall por medio de la consola NSM en la Nube  Instalacion y Configuracion Tecnica Incluida  Precios en Dolar Americano (USD)  Ver Ficha Tecnica\" \/>\n<meta property=\"og:url\" content=\"https:\/\/conexperti.com.mx\/tienda\/shop\/tz-570\/\" \/>\n<meta property=\"og:site_name\" content=\"ConexperTI\" \/>\n<meta property=\"article:modified_time\" content=\"2025-11-13T18:46:58+00:00\" \/>\n<meta property=\"og:image\" content=\"https:\/\/conexperti.com.mx\/tienda\/wp-content\/uploads\/2025\/10\/Sonicwall_TZ_570.jpg\" \/>\n\t<meta property=\"og:image:width\" content=\"1000\" \/>\n\t<meta property=\"og:image:height\" content=\"1000\" \/>\n\t<meta property=\"og:image:type\" content=\"image\/jpeg\" \/>\n<meta name=\"twitter:card\" content=\"summary_large_image\" \/>\n<meta name=\"twitter:label1\" content=\"Tiempo de lectura\" \/>\n\t<meta name=\"twitter:data1\" content=\"1 minuto\" \/>\n<script type=\"application\/ld+json\" class=\"yoast-schema-graph\">{\"@context\":\"https:\/\/schema.org\",\"@graph\":[{\"@type\":\"WebPage\",\"@id\":\"https:\/\/conexperti.com.mx\/tienda\/shop\/tz-570\/\",\"url\":\"https:\/\/conexperti.com.mx\/tienda\/shop\/tz-570\/\",\"name\":\"02-SSC-5676 - SONICWALL TZ 570 TOTALSECURE - ADVANCED EDITION 1 A\u00d1O - ConexperTI\",\"isPartOf\":{\"@id\":\"https:\/\/conexperti.com.mx\/tienda\/#website\"},\"primaryImageOfPage\":{\"@id\":\"https:\/\/conexperti.com.mx\/tienda\/shop\/tz-570\/#primaryimage\"},\"image\":{\"@id\":\"https:\/\/conexperti.com.mx\/tienda\/shop\/tz-570\/#primaryimage\"},\"thumbnailUrl\":\"https:\/\/conexperti.com.mx\/tienda\/wp-content\/uploads\/2025\/10\/Sonicwall_TZ_570.jpg\",\"datePublished\":\"2025-10-11T05:25:06+00:00\",\"dateModified\":\"2025-11-13T18:46:58+00:00\",\"breadcrumb\":{\"@id\":\"https:\/\/conexperti.com.mx\/tienda\/shop\/tz-570\/#breadcrumb\"},\"inLanguage\":\"es\",\"potentialAction\":[{\"@type\":\"ReadAction\",\"target\":[\"https:\/\/conexperti.com.mx\/tienda\/shop\/tz-570\/\"]}]},{\"@type\":\"ImageObject\",\"inLanguage\":\"es\",\"@id\":\"https:\/\/conexperti.com.mx\/tienda\/shop\/tz-570\/#primaryimage\",\"url\":\"https:\/\/conexperti.com.mx\/tienda\/wp-content\/uploads\/2025\/10\/Sonicwall_TZ_570.jpg\",\"contentUrl\":\"https:\/\/conexperti.com.mx\/tienda\/wp-content\/uploads\/2025\/10\/Sonicwall_TZ_570.jpg\",\"width\":1000,\"height\":1000},{\"@type\":\"BreadcrumbList\",\"@id\":\"https:\/\/conexperti.com.mx\/tienda\/shop\/tz-570\/#breadcrumb\",\"itemListElement\":[{\"@type\":\"ListItem\",\"position\":1,\"name\":\"Portada\",\"item\":\"https:\/\/conexperti.com.mx\/tienda\/\"},{\"@type\":\"ListItem\",\"position\":2,\"name\":\"Tienda\",\"item\":\"https:\/\/conexperti.com.mx\/tienda\/shop\/\"},{\"@type\":\"ListItem\",\"position\":3,\"name\":\"02-SSC-5676 &#8211; SONICWALL TZ 570 TOTALSECURE &#8211; ADVANCED EDITION 1 A\u00d1O\"}]},{\"@type\":\"WebSite\",\"@id\":\"https:\/\/conexperti.com.mx\/tienda\/#website\",\"url\":\"https:\/\/conexperti.com.mx\/tienda\/\",\"name\":\"ConexperTI\",\"description\":\"\",\"potentialAction\":[{\"@type\":\"SearchAction\",\"target\":{\"@type\":\"EntryPoint\",\"urlTemplate\":\"https:\/\/conexperti.com.mx\/tienda\/?s={search_term_string}\"},\"query-input\":{\"@type\":\"PropertyValueSpecification\",\"valueRequired\":true,\"valueName\":\"search_term_string\"}}],\"inLanguage\":\"es\"}]}<\/script>\n<!-- \/ Yoast SEO plugin. -->","yoast_head_json":{"title":"02-SSC-5676 - SONICWALL TZ 570 TOTALSECURE - ADVANCED EDITION 1 A\u00d1O - ConexperTI","robots":{"index":"index","follow":"follow","max-snippet":"max-snippet:-1","max-image-preview":"max-image-preview:large","max-video-preview":"max-video-preview:-1"},"canonical":"https:\/\/conexperti.com.mx\/tienda\/shop\/tz-570\/","og_locale":"es_ES","og_type":"article","og_title":"02-SSC-5676 - SONICWALL TZ 570 TOTALSECURE - ADVANCED EDITION 1 A\u00d1O - ConexperTI","og_description":"El SonicWall TZ 570 es una potencia de seguridad dise\u00f1ada para entornos de medianos a grandes y data centers distribuidos. Equipado con m\u00faltiples puertos de 10G\/5G\/2.5G, est\u00e1 construido para eliminar los cuellos de botella en redes modernas que dependen de aplicaciones de alto ancho de banda y transferencias masivas de datos. Ofrece una densidad de puertos excepcional y un rendimiento de prevenci\u00f3n de amenazas superior, lo que lo convierte en la soluci\u00f3n ideal para organizaciones que no pueden permitirse comprometer ni la velocidad ni la seguridad. Es ideal para sedes corporativas, campus educativos y organizaciones con alta densidad de usuarios y dispositivos. Con rendimiento clave de hasta 5.0 Gbps de firewall y 2.5 Gbps de prevenci\u00f3n de amenazas. Esta compra incluye:   Firewall TZ 570  Licenciamiento TotalSecure Advance por 1 a\u00f1o.  Servicios de Seguridad: Gateway Antivirus, Intrusion Prevention, App Control, Content Filtering, Geo-IP Filter, Capture ATP, Botnet Filter, DPI-SSL, SD-WAN, IP-Sec VPN, SSL VPN.  Actualizaciones de Firmware.  Garantia en el Hardware.  Administracion del Firewall por medio de la consola NSM en la Nube  Instalacion y Configuracion Tecnica Incluida  Precios en Dolar Americano (USD)  Ver Ficha Tecnica","og_url":"https:\/\/conexperti.com.mx\/tienda\/shop\/tz-570\/","og_site_name":"ConexperTI","article_modified_time":"2025-11-13T18:46:58+00:00","og_image":[{"width":1000,"height":1000,"url":"https:\/\/conexperti.com.mx\/tienda\/wp-content\/uploads\/2025\/10\/Sonicwall_TZ_570.jpg","type":"image\/jpeg"}],"twitter_card":"summary_large_image","twitter_misc":{"Tiempo de lectura":"1 minuto"},"schema":{"@context":"https:\/\/schema.org","@graph":[{"@type":"WebPage","@id":"https:\/\/conexperti.com.mx\/tienda\/shop\/tz-570\/","url":"https:\/\/conexperti.com.mx\/tienda\/shop\/tz-570\/","name":"02-SSC-5676 - SONICWALL TZ 570 TOTALSECURE - ADVANCED EDITION 1 A\u00d1O - ConexperTI","isPartOf":{"@id":"https:\/\/conexperti.com.mx\/tienda\/#website"},"primaryImageOfPage":{"@id":"https:\/\/conexperti.com.mx\/tienda\/shop\/tz-570\/#primaryimage"},"image":{"@id":"https:\/\/conexperti.com.mx\/tienda\/shop\/tz-570\/#primaryimage"},"thumbnailUrl":"https:\/\/conexperti.com.mx\/tienda\/wp-content\/uploads\/2025\/10\/Sonicwall_TZ_570.jpg","datePublished":"2025-10-11T05:25:06+00:00","dateModified":"2025-11-13T18:46:58+00:00","breadcrumb":{"@id":"https:\/\/conexperti.com.mx\/tienda\/shop\/tz-570\/#breadcrumb"},"inLanguage":"es","potentialAction":[{"@type":"ReadAction","target":["https:\/\/conexperti.com.mx\/tienda\/shop\/tz-570\/"]}]},{"@type":"ImageObject","inLanguage":"es","@id":"https:\/\/conexperti.com.mx\/tienda\/shop\/tz-570\/#primaryimage","url":"https:\/\/conexperti.com.mx\/tienda\/wp-content\/uploads\/2025\/10\/Sonicwall_TZ_570.jpg","contentUrl":"https:\/\/conexperti.com.mx\/tienda\/wp-content\/uploads\/2025\/10\/Sonicwall_TZ_570.jpg","width":1000,"height":1000},{"@type":"BreadcrumbList","@id":"https:\/\/conexperti.com.mx\/tienda\/shop\/tz-570\/#breadcrumb","itemListElement":[{"@type":"ListItem","position":1,"name":"Portada","item":"https:\/\/conexperti.com.mx\/tienda\/"},{"@type":"ListItem","position":2,"name":"Tienda","item":"https:\/\/conexperti.com.mx\/tienda\/shop\/"},{"@type":"ListItem","position":3,"name":"02-SSC-5676 &#8211; SONICWALL TZ 570 TOTALSECURE &#8211; ADVANCED EDITION 1 A\u00d1O"}]},{"@type":"WebSite","@id":"https:\/\/conexperti.com.mx\/tienda\/#website","url":"https:\/\/conexperti.com.mx\/tienda\/","name":"ConexperTI","description":"","potentialAction":[{"@type":"SearchAction","target":{"@type":"EntryPoint","urlTemplate":"https:\/\/conexperti.com.mx\/tienda\/?s={search_term_string}"},"query-input":{"@type":"PropertyValueSpecification","valueRequired":true,"valueName":"search_term_string"}}],"inLanguage":"es"}]}},"_links":{"self":[{"href":"https:\/\/conexperti.com.mx\/tienda\/wp-json\/wp\/v2\/product\/5461","targetHints":{"allow":["GET"]}}],"collection":[{"href":"https:\/\/conexperti.com.mx\/tienda\/wp-json\/wp\/v2\/product"}],"about":[{"href":"https:\/\/conexperti.com.mx\/tienda\/wp-json\/wp\/v2\/types\/product"}],"replies":[{"embeddable":true,"href":"https:\/\/conexperti.com.mx\/tienda\/wp-json\/wp\/v2\/comments?post=5461"}],"version-history":[{"count":7,"href":"https:\/\/conexperti.com.mx\/tienda\/wp-json\/wp\/v2\/product\/5461\/revisions"}],"predecessor-version":[{"id":5916,"href":"https:\/\/conexperti.com.mx\/tienda\/wp-json\/wp\/v2\/product\/5461\/revisions\/5916"}],"wp:featuredmedia":[{"embeddable":true,"href":"https:\/\/conexperti.com.mx\/tienda\/wp-json\/wp\/v2\/media\/5647"}],"wp:attachment":[{"href":"https:\/\/conexperti.com.mx\/tienda\/wp-json\/wp\/v2\/media?parent=5461"}],"wp:term":[{"taxonomy":"product_cat","embeddable":true,"href":"https:\/\/conexperti.com.mx\/tienda\/wp-json\/wp\/v2\/product_cat?post=5461"},{"taxonomy":"product_tag","embeddable":true,"href":"https:\/\/conexperti.com.mx\/tienda\/wp-json\/wp\/v2\/product_tag?post=5461"}],"curies":[{"name":"wp","href":"https:\/\/api.w.org\/{rel}","templated":true}]}}